{"id":10,"date":"2025-03-09T20:32:01","date_gmt":"2025-03-09T20:32:01","guid":{"rendered":"http:\/\/stuffiescruffy.com\/?page_id=10"},"modified":"2026-01-24T19:01:43","modified_gmt":"2026-01-24T19:01:43","slug":"contacto","status":"publish","type":"page","link":"https:\/\/stuffiescruffy.com\/en\/contacto","title":{"rendered":"contact"},"content":{"rendered":"<div class=\"wp-block-media-text\" style=\"padding-right:0;padding-left:0;grid-template-columns:19% auto\"><figure class=\"wp-block-media-text__media\"><img loading=\"lazy\" width=\"512\" height=\"512\" src=\"https:\/\/stuffiescruffy.com\/wp-content\/uploads\/2025\/11\/cropped-draw_text-1-1.png\" alt=\"\" class=\"wp-image-670 size-full\" srcset=\"https:\/\/stuffiescruffy.com\/wp-content\/uploads\/2025\/11\/cropped-draw_text-1-1.png 512w, https:\/\/stuffiescruffy.com\/wp-content\/uploads\/2025\/11\/cropped-draw_text-1-1-300x300.png 300w, https:\/\/stuffiescruffy.com\/wp-content\/uploads\/2025\/11\/cropped-draw_text-1-1-150x150.png 150w, https:\/\/stuffiescruffy.com\/wp-content\/uploads\/2025\/11\/cropped-draw_text-1-1-12x12.png 12w, https:\/\/stuffiescruffy.com\/wp-content\/uploads\/2025\/11\/cropped-draw_text-1-1-500x500.png 500w, https:\/\/stuffiescruffy.com\/wp-content\/uploads\/2025\/11\/cropped-draw_text-1-1-100x100.png 100w, https:\/\/stuffiescruffy.com\/wp-content\/uploads\/2025\/11\/cropped-draw_text-1-1-270x270.png 270w, https:\/\/stuffiescruffy.com\/wp-content\/uploads\/2025\/11\/cropped-draw_text-1-1-192x192.png 192w, https:\/\/stuffiescruffy.com\/wp-content\/uploads\/2025\/11\/cropped-draw_text-1-1-180x180.png 180w, https:\/\/stuffiescruffy.com\/wp-content\/uploads\/2025\/11\/cropped-draw_text-1-1-32x32.png 32w\" sizes=\"auto, (max-width: 512px) 100vw, 512px\" \/><\/figure><div class=\"wp-block-media-text__content\"><p class=\"has-ast-global-color-1-color has-text-color has-background has-link-color wp-elements-6436596f760fa1c756809b472ee96260 wp-block-paragraph\" style=\"background-color:#f78da89e;margin-right:var(--wp--preset--spacing--40);margin-left:var(--wp--preset--spacing--40);padding-top:var(--wp--preset--spacing--40);padding-right:var(--wp--preset--spacing--50);padding-bottom:var(--wp--preset--spacing--40);padding-left:var(--wp--preset--spacing--50);font-style:italic;font-weight:500\">Este es el lugar para empezar una conversaci\u00f3n \u2728<br>Si te interesa adquirir alguna de mis obras, hacer un <strong>encargo personalizado<\/strong>, proponer una <strong>colaboraci\u00f3n o contrataci\u00f3n<\/strong>, o simplemente tienes alguna duda, puedes escribirme sin problema.<br>Me encanta crear piezas \u00fanicas y dar forma a ideas nuevas, as\u00ed que si tienes algo en mente, cu\u00e9ntamelo. Leer\u00e9 tu mensaje con calma y te responder\u00e9 lo antes posible.<br>Gracias por interesarte por mi trabajo<\/p><\/div><\/div><ul class=\"wp-block-social-links has-normal-icon-size is-content-justification-center is-layout-flex wp-container-core-social-links-is-layout-b69bdc40 wp-block-social-links-is-layout-flex\" style=\"margin-top:var(--wp--preset--spacing--50);margin-bottom:var(--wp--preset--spacing--50)\"><li class=\"wp-social-link wp-social-link-deviantart  wp-block-social-link\"><a rel=\"noopener nofollow\" target=\"_blank\" href=\"https:\/\/www.deviantart.com\/stuffiescruffy\" class=\"wp-block-social-link-anchor\"><svg width=\"24\" height=\"24\" viewbox=\"0 0 24 24\" version=\"1.1\" xmlns=\"http:\/\/www.w3.org\/2000\/svg\" aria-hidden=\"true\" focusable=\"false\"><path d=\"M 18.19 5.636 18.19 2 18.188 2 14.553 2 14.19 2.366 12.474 5.636 11.935 6 5.81 6 5.81 10.994 9.177 10.994 9.477 11.357 5.81 18.363 5.81 22 5.811 22 9.447 22 9.81 21.634 11.526 18.364 12.065 18 18.19 18 18.19 13.006 14.823 13.006 14.523 12.641 18.19 5.636z\"><\/path><\/svg><span class=\"wp-block-social-link-label screen-reader-text\">DeviantArt<\/span><\/a><\/li>\n\n<li class=\"wp-social-link wp-social-link-instagram  wp-block-social-link\"><a rel=\"noopener nofollow\" target=\"_blank\" href=\"https:\/\/www.instagram.com\/stuffiescruffy\/\" class=\"wp-block-social-link-anchor\"><svg width=\"24\" height=\"24\" viewbox=\"0 0 24 24\" version=\"1.1\" xmlns=\"http:\/\/www.w3.org\/2000\/svg\" aria-hidden=\"true\" focusable=\"false\"><path d=\"M12,4.622c2.403,0,2.688,0.009,3.637,0.052c0.877,0.04,1.354,0.187,1.671,0.31c0.42,0.163,0.72,0.358,1.035,0.673 c0.315,0.315,0.51,0.615,0.673,1.035c0.123,0.317,0.27,0.794,0.31,1.671c0.043,0.949,0.052,1.234,0.052,3.637 s-0.009,2.688-0.052,3.637c-0.04,0.877-0.187,1.354-0.31,1.671c-0.163,0.42-0.358,0.72-0.673,1.035 c-0.315,0.315-0.615,0.51-1.035,0.673c-0.317,0.123-0.794,0.27-1.671,0.31c-0.949,0.043-1.233,0.052-3.637,0.052 s-2.688-0.009-3.637-0.052c-0.877-0.04-1.354-0.187-1.671-0.31c-0.42-0.163-0.72-0.358-1.035-0.673 c-0.315-0.315-0.51-0.615-0.673-1.035c-0.123-0.317-0.27-0.794-0.31-1.671C4.631,14.688,4.622,14.403,4.622,12 s0.009-2.688,0.052-3.637c0.04-0.877,0.187-1.354,0.31-1.671c0.163-0.42,0.358-0.72,0.673-1.035 c0.315-0.315,0.615-0.51,1.035-0.673c0.317-0.123,0.794-0.27,1.671-0.31C9.312,4.631,9.597,4.622,12,4.622 M12,3 C9.556,3,9.249,3.01,8.289,3.054C7.331,3.098,6.677,3.25,6.105,3.472C5.513,3.702,5.011,4.01,4.511,4.511 c-0.5,0.5-0.808,1.002-1.038,1.594C3.25,6.677,3.098,7.331,3.054,8.289C3.01,9.249,3,9.556,3,12c0,2.444,0.01,2.751,0.054,3.711 c0.044,0.958,0.196,1.612,0.418,2.185c0.23,0.592,0.538,1.094,1.038,1.594c0.5,0.5,1.002,0.808,1.594,1.038 c0.572,0.222,1.227,0.375,2.185,0.418C9.249,20.99,9.556,21,12,21s2.751-0.01,3.711-0.054c0.958-0.044,1.612-0.196,2.185-0.418 c0.592-0.23,1.094-0.538,1.594-1.038c0.5-0.5,0.808-1.002,1.038-1.594c0.222-0.572,0.375-1.227,0.418-2.185 C20.99,14.751,21,14.444,21,12s-0.01-2.751-0.054-3.711c-0.044-0.958-0.196-1.612-0.418-2.185c-0.23-0.592-0.538-1.094-1.038-1.594 c-0.5-0.5-1.002-0.808-1.594-1.038c-0.572-0.222-1.227-0.375-2.185-0.418C14.751,3.01,14.444,3,12,3L12,3z M12,7.378 c-2.552,0-4.622,2.069-4.622,4.622S9.448,16.622,12,16.622s4.622-2.069,4.622-4.622S14.552,7.378,12,7.378z M12,15 c-1.657,0-3-1.343-3-3s1.343-3,3-3s3,1.343,3,3S13.657,15,12,15z M16.804,6.116c-0.596,0-1.08,0.484-1.08,1.08 s0.484,1.08,1.08,1.08c0.596,0,1.08-0.484,1.08-1.08S17.401,6.116,16.804,6.116z\"><\/path><\/svg><span class=\"wp-block-social-link-label screen-reader-text\">Instagram<\/span><\/a><\/li>\n\n<li class=\"wp-social-link wp-social-link-mail  wp-block-social-link\"><a rel=\"noopener nofollow\" target=\"_blank\" href=\"mailto:s&#116;uf&#102;&#105;&#101;scr&#117;&#102;fy&#064;g&#109;&#097;&#105;&#108;.com\" class=\"wp-block-social-link-anchor\"><svg width=\"24\" height=\"24\" viewbox=\"0 0 24 24\" version=\"1.1\" xmlns=\"http:\/\/www.w3.org\/2000\/svg\" aria-hidden=\"true\" focusable=\"false\"><path d=\"M19,5H5c-1.1,0-2,.9-2,2v10c0,1.1.9,2,2,2h14c1.1,0,2-.9,2-2V7c0-1.1-.9-2-2-2zm.5,12c0,.3-.2.5-.5.5H5c-.3,0-.5-.2-.5-.5V9.8l7.5,5.6,7.5-5.6V17zm0-9.1L12,13.6,4.5,7.9V7c0-.3.2-.5.5-.5h14c.3,0,.5.2.5.5v.9z\"><\/path><\/svg><span class=\"wp-block-social-link-label screen-reader-text\">Mail<\/span><\/a><\/li>\n\n<li class=\"wp-social-link wp-social-link-pinterest  wp-block-social-link\"><a rel=\"noopener nofollow\" target=\"_blank\" href=\"https:\/\/es.pinterest.com\/stuffiepoly\/\" class=\"wp-block-social-link-anchor\"><svg width=\"24\" height=\"24\" viewbox=\"0 0 24 24\" version=\"1.1\" xmlns=\"http:\/\/www.w3.org\/2000\/svg\" aria-hidden=\"true\" focusable=\"false\"><path d=\"M12.289,2C6.617,2,3.606,5.648,3.606,9.622c0,1.846,1.025,4.146,2.666,4.878c0.25,0.111,0.381,0.063,0.439-0.169 c0.044-0.175,0.267-1.029,0.365-1.428c0.032-0.128,0.017-0.237-0.091-0.362C6.445,11.911,6.01,10.75,6.01,9.668 c0-2.777,2.194-5.464,5.933-5.464c3.23,0,5.49,2.108,5.49,5.122c0,3.407-1.794,5.768-4.13,5.768c-1.291,0-2.257-1.021-1.948-2.277 c0.372-1.495,1.089-3.112,1.089-4.191c0-0.967-0.542-1.775-1.663-1.775c-1.319,0-2.379,1.309-2.379,3.059 c0,1.115,0.394,1.869,0.394,1.869s-1.302,5.279-1.54,6.261c-0.405,1.666,0.053,4.368,0.094,4.604 c0.021,0.126,0.167,0.169,0.25,0.063c0.129-0.165,1.699-2.419,2.142-4.051c0.158-0.59,0.817-2.995,0.817-2.995 c0.43,0.784,1.681,1.446,3.013,1.446c3.963,0,6.822-3.494,6.822-7.833C20.394,5.112,16.849,2,12.289,2\"><\/path><\/svg><span class=\"wp-block-social-link-label screen-reader-text\">Pinterest<\/span><\/a><\/li><\/ul><div class=\"wp-block-group ss-contact-container is-layout-grid wp-container-core-group-is-layout-af40bc3b wp-block-group-is-layout-grid\"><form method=\"post\" class=\"wp-block-gutena-forms gutena-forms-contact-form gutena_forms_ID_c46603fb22_952025213846 after_submit_message ss-contact-form wp-container-content-5e2576f9 is-layout-flow wp-container-gutena-forms-is-layout-a3824fd9 wp-block-gutena-forms-is-layout-flow\" style=\"padding-top:2rem;padding-bottom:5rem\" action=\"\"><input type=\"hidden\" name=\"formid\" value=\"gutena_forms_ID_c46603fb22_952025213846\"\/><div class=\"wp-block-gutena-field-group  field-group-type-text is-layout-flow wp-block-gutena-field-group-is-layout-flow\"><div class=\"wp-block-group is-horizontal is-content-justification-left is-layout-flex wp-container-core-group-is-layout-04061b19 wp-block-group-is-layout-flex\"><div class=\"wp-block-group is-nowrap is-layout-flex wp-container-core-group-is-layout-7387b849 wp-block-group-is-layout-flex\"><h3 class=\"wp-block-heading heading-input-label-gutena has-pale-pink-color has-text-color has-link-color has-small-font-size wp-elements-ede6b067446b6a0301f3abd1bd7a7dc5\" style=\"font-style:normal;font-weight:500;letter-spacing:7px;text-transform:uppercase\">name<\/h3><\/div>\n\n<div style=\"background-color:#ff5e8733;\" class=\"gutena-forms-text-field field-name-first_name  wp-elements-e06c11ad5529a5552ce0a47dbeba3f85 wp-block-gutena-form-field has-text-color has-vivid-red-color has-background\"><input \n\t\t\t\t name=\"first_name\" type=\"text\" class=\"gutena-forms-field text-field required-field\" placeholder=\"Enter your name\"  required\t\t\/><\/div><\/div>\n\n<p class=\"gutena-forms-field-error-msg wp-block-paragraph\"><\/p><\/div>\n\n<div class=\"wp-block-gutena-field-group  field-group-type-text is-layout-flow wp-block-gutena-field-group-is-layout-flow\"><p class=\"gutena-forms-field-error-msg wp-block-paragraph\"><\/p><\/div>\n\n<div class=\"wp-block-gutena-field-group  field-group-type-email is-layout-flow wp-block-gutena-field-group-is-layout-flow\"><div class=\"wp-block-group is-vertical is-layout-flex wp-container-core-group-is-layout-21691165 wp-block-group-is-layout-flex\"><h3 class=\"wp-block-heading heading-input-label-gutena has-pale-pink-color has-text-color has-link-color has-small-font-size wp-elements-6e4484cc6144ebc70c10fc1c920c0606\" style=\"font-style:normal;font-weight:500;letter-spacing:7px;text-transform:uppercase\">Email<\/h3>\n\n<div style=\"background-color:#ff5e8733;\" class=\"gutena-forms-email-field field-name-email  wp-elements-8019c0fd6ee11d895f82e779ef5ed124 wp-block-gutena-form-field has-text-color has-vivid-red-color has-background\"><input \n\t\t\t\t name=\"email\" type=\"email\" class=\"gutena-forms-field email-field required-field\" placeholder=\"example@gmail.com\"  required\t\t\/><\/div><\/div>\n\n<p class=\"gutena-forms-field-error-msg wp-block-paragraph\"><\/p><\/div>\n\n<div class=\"wp-block-gutena-field-group  field-group-type-text is-layout-flow wp-block-gutena-field-group-is-layout-flow\"><div class=\"wp-block-group is-vertical is-layout-flex wp-container-core-group-is-layout-21691165 wp-block-group-is-layout-flex\"><h3 class=\"wp-block-heading heading-input-label-gutena has-pale-pink-color has-text-color has-link-color has-small-font-size wp-elements-efb398891da88464aa2e74f0642ca7a6\" style=\"font-style:normal;font-weight:500;letter-spacing:7px;text-transform:uppercase\">Subject<\/h3>\n\n<div style=\"background-color:#ff5e8733;\" class=\"gutena-forms-text-field field-name-subject  wp-elements-87c0e89c6d162253f27ac83e8321d8b2 wp-block-gutena-form-field has-text-color has-vivid-red-color has-background\"><input \n\t\t\t\t name=\"subject\" type=\"text\" class=\"gutena-forms-field text-field required-field\" placeholder=\"Subject\"  required\t\t\/><\/div><\/div>\n\n<p class=\"gutena-forms-field-error-msg wp-block-paragraph\"><\/p><\/div>\n\n<div class=\"wp-block-gutena-field-group  field-group-type-textarea is-layout-flow wp-block-gutena-field-group-is-layout-flow\"><div class=\"wp-block-group is-vertical is-layout-flex wp-container-core-group-is-layout-21691165 wp-block-group-is-layout-flex\"><h3 class=\"wp-block-heading heading-input-label-gutena has-pale-pink-color has-text-color has-link-color has-small-font-size wp-elements-1863c7439d5fa44e2fbd383de0b2925c\" style=\"font-style:normal;font-weight:500;letter-spacing:7px;text-transform:uppercase\">message<\/h3>\n\n<div style=\"background-color:#ff5e8733;\" class=\"gutena-forms-textarea-field field-name-message  wp-elements-fe5b0b864867a3176eada1407e27d792 wp-block-gutena-form-field has-text-color has-vivid-red-color has-background\"><textarea \n\t\t\t\t name=\"message\" rows=\"4\" class=\"gutena-forms-field textarea-field required-field\" placeholder=\"Type here\"  required><\/textarea><\/div><\/div>\n\n<p class=\"gutena-forms-field-error-msg wp-block-paragraph\"><\/p><\/div>\n\n<div class=\"wp-block-buttons gutena-forms-submit-buttons is-layout-flex wp-block-buttons-is-layout-flex\"><div class=\"wp-block-button has-custom-width wp-block-button__width-100 gutena-forms-submit-button is-style-outline is-style-outline--1\"><button class=\"wp-block-button__link has-vivid-red-color has-text-color has-background has-link-color has-custom-font-size wp-element-button\" style=\"border-radius:0px;background-color:#ff5e8733;font-size:15px;font-style:normal;font-weight:500;letter-spacing:7px;text-transform:uppercase\">submit<\/button><\/div><\/div>\n\n<div class=\"wp-block-gutena-form-confirm-msg is-layout-flow wp-block-gutena-form-confirm-msg-is-layout-flow\"><div class=\"wp-block-group has-vivid-red-color has-light-green-cyan-background-color has-text-color has-background has-link-color has-medium-font-size wp-elements-d8cc3226537c1cbd5d5c21f1118a9180 is-horizontal is-content-justification-left is-layout-flex wp-container-core-group-is-layout-d9adfc1d wp-block-group-is-layout-flex\" style=\"border-radius:5px;padding-top:12px;padding-right:12px;padding-bottom:12px;padding-left:12px\"><figure class=\"wp-block-image size-large form-message-icon\"><img src=\"data:image\/svg+xml;base64,PHN2ZyB3aWR0aD0iMTYiIGhlaWdodD0iMTYiIHZpZXdCb3g9IjAgMCAxNiAxNiIgZmlsbD0ibm9uZSIgeG1sbnM9Imh0dHA6Ly93d3cudzMub3JnLzIwMDAvc3ZnIj4KPHBhdGggZD0iTTggMTZDMy41ODE2IDE2IDAgMTIuNDE4NCAwIDhDMCAzLjU4MTYgMy41ODE2IDAgOCAwQzEyLjQxODQgMCAxNiAzLjU4MTYgMTYgOEMxNiAxMi40MTg0IDEyLjQxODQgMTYgOCAxNlpNOCAxNC40QzkuNjk3MzkgMTQuNCAxMS4zMjUzIDEzLjcyNTcgMTIuNTI1NSAxMi41MjU1QzEzLjcyNTcgMTEuMzI1MyAxNC40IDkuNjk3MzkgMTQuNCA4QzE0LjQgNi4zMDI2MSAxMy43MjU3IDQuNjc0NzUgMTIuNTI1NSAzLjQ3NDUyQzExLjMyNTMgMi4yNzQyOCA5LjY5NzM5IDEuNiA4IDEuNkM2LjMwMjYxIDEuNiA0LjY3NDc1IDIuMjc0MjggMy40NzQ1MiAzLjQ3NDUyQzIuMjc0MjggNC42NzQ3NSAxLjYgNi4zMDI2MSAxLjYgOEMxLjYgOS42OTczOSAyLjI3NDI4IDExLjMyNTMgMy40NzQ1MiAxMi41MjU1QzQuNjc0NzUgMTMuNzI1NyA2LjMwMjYxIDE0LjQgOCAxNC40Wk03LjIwMjQgMTEuMkwzLjgwOCA3LjgwNTZMNC45MzkyIDYuNjc0NEw3LjIwMjQgOC45Mzc2TDExLjcyNzIgNC40MTJMMTIuODU5MiA1LjU0MzJMNy4yMDI0IDExLjJaIiBmaWxsPSIjNDY4NDFFIi8+Cjwvc3ZnPgo=\" alt=\"Success\" class=\"wp-image-3811\"\/><\/figure>\n\n<p class=\"has-pale-pink-color has-text-color wp-block-paragraph\" style=\"font-size:16px;font-style:normal;font-weight:600;line-height:1.2\">Formulario enviado con \u00e9xito!<\/p><\/div><\/div>\n\n<div class=\"wp-block-gutena-form-error-msg is-layout-flow wp-block-gutena-form-error-msg-is-layout-flow\"><div class=\"wp-block-group has-background is-content-justification-left is-nowrap is-layout-flex wp-container-core-group-is-layout-d410e5b7 wp-block-group-is-layout-flex\" style=\"border-radius:5px;background-color:#ffd3d3;padding-top:12px;padding-right:12px;padding-bottom:12px;padding-left:12px\"><figure class=\"wp-block-image size-large form-message-icon\"><img src=\"data:image\/svg+xml;base64,PHN2ZyB3aWR0aD0iMTYiIGhlaWdodD0iMTYiIHZpZXdCb3g9IjAgMCAxNiAxNiIgZmlsbD0ibm9uZSIgeG1sbnM9Imh0dHA6Ly93d3cudzMub3JnLzIwMDAvc3ZnIj4KPHBhdGggZD0iTTggMTZDMy41ODE2IDE2IDAgMTIuNDE4NCAwIDhDMCAzLjU4MTYgMy41ODE2IDAgOCAwQzEyLjQxODQgMCAxNiAzLjU4MTYgMTYgOEMxNiAxMi40MTg0IDEyLjQxODQgMTYgOCAxNlpNOCAxNC40QzkuNjk3MzkgMTQuNCAxMS4zMjUzIDEzLjcyNTcgMTIuNTI1NSAxMi41MjU1QzEzLjcyNTcgMTEuMzI1MyAxNC40IDkuNjk3MzkgMTQuNCA4QzE0LjQgNi4zMDI2MSAxMy43MjU3IDQuNjc0NzUgMTIuNTI1NSAzLjQ3NDUyQzExLjMyNTMgMi4yNzQyOCA5LjY5NzM5IDEuNiA4IDEuNkM2LjMwMjYxIDEuNiA0LjY3NDc1IDIuMjc0MjggMy40NzQ1MiAzLjQ3NDUyQzIuMjc0MjggNC42NzQ3NSAxLjYgNi4zMDI2MSAxLjYgOEMxLjYgOS42OTczOSAyLjI3NDI4IDExLjMyNTMgMy40NzQ1MiAxMi41MjU1QzQuNjc0NzUgMTMuNzI1NyA2LjMwMjYxIDE0LjQgOCAxNC40Wk03LjIgMTAuNEg4LjhWMTJINy4yVjEwLjRaTTcuMiA0SDguOFY4LjhINy4yVjRaIiBmaWxsPSIjQzUxOTE5Ii8+Cjwvc3ZnPgo=\" alt=\"Error\" class=\"wp-image-3811\"\/><\/figure>\n\n<p class=\"gutena-forms-error-text has-text-color wp-block-paragraph\" style=\"color:#e72c2c;font-size:16px;font-style:normal;font-weight:600;line-height:1.2\">Sorry! Your form was not submitted successfully. Please review the errors above.<\/p><\/div><\/div><input type=\"hidden\" name=\"trp-form-language\" value=\"en\"\/><\/form>\n\n<figure class=\"wp-block-image aligncenter size-full is-resized ss-contact-img wp-container-content-bca6891e\"><img loading=\"lazy\" width=\"1152\" height=\"2048\" src=\"http:\/\/stuffiescruffy.com\/wp-content\/uploads\/2025\/05\/Ilustracion_sin_titulo-2-edited.png\" alt=\"\" class=\"wp-image-187\" style=\"box-shadow:none;width:401px;height:auto\" srcset=\"https:\/\/stuffiescruffy.com\/wp-content\/uploads\/2025\/05\/Ilustracion_sin_titulo-2-edited.png 1152w, https:\/\/stuffiescruffy.com\/wp-content\/uploads\/2025\/05\/Ilustracion_sin_titulo-2-edited-600x1067.png 600w, https:\/\/stuffiescruffy.com\/wp-content\/uploads\/2025\/05\/Ilustracion_sin_titulo-2-edited-169x300.png 169w, https:\/\/stuffiescruffy.com\/wp-content\/uploads\/2025\/05\/Ilustracion_sin_titulo-2-edited-576x1024.png 576w, https:\/\/stuffiescruffy.com\/wp-content\/uploads\/2025\/05\/Ilustracion_sin_titulo-2-edited-768x1365.png 768w, https:\/\/stuffiescruffy.com\/wp-content\/uploads\/2025\/05\/Ilustracion_sin_titulo-2-edited-864x1536.png 864w\" sizes=\"auto, (max-width: 1152px) 100vw, 1152px\" \/><\/figure><\/div><p class=\"wp-block-paragraph\"><\/p>","protected":false},"excerpt":{"rendered":"<p>Este es el lugar para empezar una conversaci\u00f3n \u2728Si te interesa adquirir alguna de mis obras, hacer un encargo personalizado, proponer una colaboraci\u00f3n o contrataci\u00f3n, o simplemente tienes alguna duda, puedes escribirme sin problema.Me encanta crear piezas \u00fanicas y dar forma a ideas nuevas, as\u00ed que si tienes algo en mente, cu\u00e9ntamelo. Leer\u00e9 tu mensaje con calma y te responder\u00e9 lo antes posible.Gracias por interesarte por mi trabajo<\/p>","protected":false},"author":1,"featured_media":0,"parent":0,"menu_order":0,"comment_status":"closed","ping_status":"closed","template":"","meta":{"_crdt_document":"","site-sidebar-layout":"default","site-content-layout":"","ast-site-content-layout":"default","site-content-style":"default","site-sidebar-style":"default","ast-global-header-display":"","ast-banner-title-visibility":"","ast-main-header-display":"","ast-hfb-above-header-display":"","ast-hfb-below-header-display":"","ast-hfb-mobile-header-display":"","site-post-title":"disabled","ast-breadcrumbs-content":"","ast-featured-img":"","footer-sml-layout":"","theme-transparent-header-meta":"","adv-header-id-meta":"","stick-header-meta":"","header-above-stick-meta":"","header-main-stick-meta":"","header-below-stick-meta":"","astra-migrate-meta-layouts":"default","ast-page-background-enabled":"default","ast-page-background-meta":{"desktop":{"background-color":"var(--ast-global-color-5)","background-image":"","background-repeat":"repeat","background-position":"center center","background-size":"auto","background-attachment":"scroll","background-type":"","background-media":"","overlay-type":"","overlay-color":"","overlay-opacity":"","overlay-gradient":""},"tablet":{"background-color":"","background-image":"","background-repeat":"repeat","background-position":"center center","background-size":"auto","background-attachment":"scroll","background-type":"","background-media":"","overlay-type":"","overlay-color":"","overlay-opacity":"","overlay-gradient":""},"mobile":{"background-color":"","background-image":"","background-repeat":"repeat","background-position":"center center","background-size":"auto","background-attachment":"scroll","background-type":"","background-media":"","overlay-type":"","overlay-color":"","overlay-opacity":"","overlay-gradient":""}},"ast-content-background-meta":{"desktop":{"background-color":"var(--ast-global-color-4)","background-image":"","background-repeat":"repeat","background-position":"center center","background-size":"auto","background-attachment":"scroll","background-type":"","background-media":"","overlay-type":"","overlay-color":"","overlay-opacity":"","overlay-gradient":""},"tablet":{"background-color":"var(--ast-global-color-4)","background-image":"","background-repeat":"repeat","background-position":"center center","background-size":"auto","background-attachment":"scroll","background-type":"","background-media":"","overlay-type":"","overlay-color":"","overlay-opacity":"","overlay-gradient":""},"mobile":{"background-color":"var(--ast-global-color-4)","background-image":"","background-repeat":"repeat","background-position":"center center","background-size":"auto","background-attachment":"scroll","background-type":"","background-media":"","overlay-type":"","overlay-color":"","overlay-opacity":"","overlay-gradient":""}},"footnotes":""},"class_list":["post-10","page","type-page","status-publish","hentry"],"jetpack_sharing_enabled":true,"_links":{"self":[{"href":"https:\/\/stuffiescruffy.com\/en\/wp-json\/wp\/v2\/pages\/10","targetHints":{"allow":["GET"]}}],"collection":[{"href":"https:\/\/stuffiescruffy.com\/en\/wp-json\/wp\/v2\/pages"}],"about":[{"href":"https:\/\/stuffiescruffy.com\/en\/wp-json\/wp\/v2\/types\/page"}],"author":[{"embeddable":true,"href":"https:\/\/stuffiescruffy.com\/en\/wp-json\/wp\/v2\/users\/1"}],"replies":[{"embeddable":true,"href":"https:\/\/stuffiescruffy.com\/en\/wp-json\/wp\/v2\/comments?post=10"}],"version-history":[{"count":23,"href":"https:\/\/stuffiescruffy.com\/en\/wp-json\/wp\/v2\/pages\/10\/revisions"}],"predecessor-version":[{"id":1064,"href":"https:\/\/stuffiescruffy.com\/en\/wp-json\/wp\/v2\/pages\/10\/revisions\/1064"}],"wp:attachment":[{"href":"https:\/\/stuffiescruffy.com\/en\/wp-json\/wp\/v2\/media?parent=10"}],"curies":[{"name":"wp","href":"https:\/\/api.w.org\/{rel}","templated":true}]}}