{"id":1180,"date":"2026-01-29T15:58:33","date_gmt":"2026-01-29T15:58:33","guid":{"rendered":"https:\/\/stuffiescruffy.com\/?post_type=product&#038;p=1180"},"modified":"2026-01-29T16:54:35","modified_gmt":"2026-01-29T16:54:35","slug":"playmate-playground","status":"publish","type":"product","link":"https:\/\/stuffiescruffy.com\/en\/product\/playmate-playground","title":{"rendered":"Playmate Playground &#8211; Sheet"},"content":{"rendered":"<p><strong data-start=\"96\" data-end=\"147\">Acr\u00edlico sobre papel Arches Huile de grano fino<\/strong><br data-start=\"147\" data-end=\"150\" \/>Obra original realizada en acr\u00edlico sobre papel Arches Huile, reconocido por su alta calidad y resistencia, con grano fino que permite una gran precisi\u00f3n en el detalle y la saturaci\u00f3n del color.<\/p>\n<p><strong data-start=\"355\" data-end=\"371\">Dimensiones:<\/strong> 31 \u00d7 41 cm<\/p>\n<p><strong data-start=\"643\" data-end=\"655\">Edici\u00f3n:<\/strong> Obra \u00fanica (1\/1). No existen copias, ediciones ni reproducciones de esta pieza.<\/p>\n<p>Se entrega firmado!<\/p>","protected":false},"excerpt":{"rendered":"<p><strong data-start=\"96\" data-end=\"147\">Acr\u00edlico sobre papel Arches Huile de grano fino<\/strong><\/p>\n<p><strong data-start=\"355\" data-end=\"371\">Dimensiones:<\/strong> 31 \u00d7 41 cm<\/p>\n<p>Sin marco.<\/p>\n<p>1\/1<\/p>\n<p>&nbsp;<\/p>\n<p>&nbsp;<\/p>","protected":false},"featured_media":1176,"comment_status":"closed","ping_status":"closed","template":"","meta":{"_crdt_document":"","site-sidebar-layout":"default","site-content-layout":"","ast-site-content-layout":"default","site-content-style":"default","site-sidebar-style":"default","ast-global-header-display":"","ast-banner-title-visibility":"","ast-main-header-display":"","ast-hfb-above-header-display":"","ast-hfb-below-header-display":"","ast-hfb-mobile-header-display":"","site-post-title":"","ast-breadcrumbs-content":"","ast-featured-img":"","footer-sml-layout":"","theme-transparent-header-meta":"default","adv-header-id-meta":"","stick-header-meta":"","header-above-stick-meta":"","header-main-stick-meta":"","header-below-stick-meta":"","astra-migrate-meta-layouts":"set","ast-page-background-enabled":"default","ast-page-background-meta":{"desktop":{"background-color":"var(--ast-global-color-5)","background-image":"","background-repeat":"repeat","background-position":"center center","background-size":"auto","background-attachment":"scroll","background-type":"","background-media":"","overlay-type":"","overlay-color":"","overlay-opacity":"","overlay-gradient":""},"tablet":{"background-color":"","background-image":"","background-repeat":"repeat","background-position":"center center","background-size":"auto","background-attachment":"scroll","background-type":"","background-media":"","overlay-type":"","overlay-color":"","overlay-opacity":"","overlay-gradient":""},"mobile":{"background-color":"","background-image":"","background-repeat":"repeat","background-position":"center center","background-size":"auto","background-attachment":"scroll","background-type":"","background-media":"","overlay-type":"","overlay-color":"","overlay-opacity":"","overlay-gradient":""}},"ast-content-background-meta":{"desktop":{"background-color":"var(--ast-global-color-4)","background-image":"","background-repeat":"repeat","background-position":"center center","background-size":"auto","background-attachment":"scroll","background-type":"","background-media":"","overlay-type":"","overlay-color":"","overlay-opacity":"","overlay-gradient":""},"tablet":{"background-color":"var(--ast-global-color-4)","background-image":"","background-repeat":"repeat","background-position":"center center","background-size":"auto","background-attachment":"scroll","background-type":"","background-media":"","overlay-type":"","overlay-color":"","overlay-opacity":"","overlay-gradient":""},"mobile":{"background-color":"var(--ast-global-color-4)","background-image":"","background-repeat":"repeat","background-position":"center center","background-size":"auto","background-attachment":"scroll","background-type":"","background-media":"","overlay-type":"","overlay-color":"","overlay-opacity":"","overlay-gradient":""}}},"product_brand":[],"product_cat":[26],"product_tag":[],"class_list":{"0":"post-1180","1":"product","2":"type-product","3":"status-publish","4":"has-post-thumbnail","6":"product_cat-sheetscanvas","7":"desktop-align-left","8":"tablet-align-left","9":"mobile-align-left","11":"first","12":"instock","13":"taxable","14":"shipping-taxable","15":"purchasable","16":"product-type-simple"},"jetpack_sharing_enabled":true,"_links":{"self":[{"href":"https:\/\/stuffiescruffy.com\/en\/wp-json\/wp\/v2\/product\/1180","targetHints":{"allow":["GET"]}}],"collection":[{"href":"https:\/\/stuffiescruffy.com\/en\/wp-json\/wp\/v2\/product"}],"about":[{"href":"https:\/\/stuffiescruffy.com\/en\/wp-json\/wp\/v2\/types\/product"}],"replies":[{"embeddable":true,"href":"https:\/\/stuffiescruffy.com\/en\/wp-json\/wp\/v2\/comments?post=1180"}],"wp:featuredmedia":[{"embeddable":true,"href":"https:\/\/stuffiescruffy.com\/en\/wp-json\/wp\/v2\/media\/1176"}],"wp:attachment":[{"href":"https:\/\/stuffiescruffy.com\/en\/wp-json\/wp\/v2\/media?parent=1180"}],"wp:term":[{"taxonomy":"product_brand","embeddable":true,"href":"https:\/\/stuffiescruffy.com\/en\/wp-json\/wp\/v2\/product_brand?post=1180"},{"taxonomy":"product_cat","embeddable":true,"href":"https:\/\/stuffiescruffy.com\/en\/wp-json\/wp\/v2\/product_cat?post=1180"},{"taxonomy":"product_tag","embeddable":true,"href":"https:\/\/stuffiescruffy.com\/en\/wp-json\/wp\/v2\/product_tag?post=1180"}],"curies":[{"name":"wp","href":"https:\/\/api.w.org\/{rel}","templated":true}]}}