{"id":1344,"date":"2026-03-13T11:55:44","date_gmt":"2026-03-13T11:55:44","guid":{"rendered":"https:\/\/stuffiescruffy.com\/?post_type=product&#038;p=1344"},"modified":"2026-03-13T11:59:40","modified_gmt":"2026-03-13T11:59:40","slug":"starboo-clownpuff-keychain","status":"publish","type":"product","link":"https:\/\/stuffiescruffy.com\/en\/product\/starboo-clownpuff-keychain","title":{"rendered":"Starboo Clownpuff &#8211; Keychain"},"content":{"rendered":"<p data-start=\"185\" data-end=\"339\"><strong data-start=\"185\" data-end=\"219\">Starboo Clownpuff \u2013 Keychain<\/strong> es una pieza escult\u00f3rica en formato llavero \/ figura, creada \u00edntegramente de forma artesanal mesclando tela y relleno de peluche junto con PLA <strong data-start=\"382\" data-end=\"409\">(\u00e1cido polil\u00e1ctico)<\/strong> de impresi\u00f3n 3D para la maza de pinchos!<\/p>\n<p data-start=\"341\" data-end=\"682\">El cuerpo est\u00e1 construido manualmente de tela brillante tipo sat\u00e9n rosa, lo de que le da un aspecto como de globo. \u00a0Detalles en telas m\u00e1s gruesas y pintura acr\u00edlica. Todo esto mezclando la delicadeza del sat\u00e9n con una maza de pinchos estilo medieval creada a mano<\/p>\n<p data-start=\"341\" data-end=\"682\">con bol\u00edgrafo 3d y pintura acr\u00edlica plateada, lo que le da a su vez un aspecto agresivo pero mono!<\/p>","protected":false},"excerpt":{"rendered":"<ul data-start=\"969\" data-end=\"1205\">\n<li data-start=\"969\" data-end=\"1014\">\n<p data-start=\"971\" data-end=\"1014\">Tela y modelado manual con bol\u00edgrafo 3D<\/p>\n<\/li>\n<li data-start=\"1015\" data-end=\"1032\">\n<p data-start=\"1017\" data-end=\"1032\">Material: Varias telas y PLA<\/p>\n<\/li>\n<li data-start=\"1033\" data-end=\"1070\">\n<p data-start=\"1035\" data-end=\"1070\">Pintura: Acr\u00edlico aplicado a mano<\/p>\n<\/li>\n<li data-start=\"1071\" data-end=\"1104\">\n<p data-start=\"1073\" data-end=\"1104\">Cadena: Cadena met\u00e1lica estilo llavero.<\/p>\n<\/li>\n<li data-start=\"1105\" data-end=\"1147\">\n<p data-start=\"1107\" data-end=\"1147\">Formato: Llavero \/ figura de colecci\u00f3n<\/p>\n<\/li>\n<li data-start=\"1148\" data-end=\"1205\">\n<p data-start=\"1150\" data-end=\"1205\">Producci\u00f3n: Pieza \u00fanica (no se realizar\u00e1n m\u00e1s unidades)<\/p>\n<\/li>\n<\/ul>\n<p data-start=\"1207\" data-end=\"1354\">Se trata de una obra h\u00edbrida entre objeto funcional y peluche, donde el proceso manual es parte esencial del resultado final.<\/p>\n<p data-start=\"1207\" data-end=\"1354\">1\/1<\/p>","protected":false},"featured_media":1342,"comment_status":"closed","ping_status":"closed","template":"","meta":{"_crdt_document":"","site-sidebar-layout":"default","site-content-layout":"","ast-site-content-layout":"default","site-content-style":"default","site-sidebar-style":"default","ast-global-header-display":"","ast-banner-title-visibility":"","ast-main-header-display":"","ast-hfb-above-header-display":"","ast-hfb-below-header-display":"","ast-hfb-mobile-header-display":"","site-post-title":"","ast-breadcrumbs-content":"","ast-featured-img":"","footer-sml-layout":"","theme-transparent-header-meta":"default","adv-header-id-meta":"","stick-header-meta":"","header-above-stick-meta":"","header-main-stick-meta":"","header-below-stick-meta":"","astra-migrate-meta-layouts":"set","ast-page-background-enabled":"default","ast-page-background-meta":{"desktop":{"background-color":"var(--ast-global-color-5)","background-image":"","background-repeat":"repeat","background-position":"center center","background-size":"auto","background-attachment":"scroll","background-type":"","background-media":"","overlay-type":"","overlay-color":"","overlay-opacity":"","overlay-gradient":""},"tablet":{"background-color":"","background-image":"","background-repeat":"repeat","background-position":"center center","background-size":"auto","background-attachment":"scroll","background-type":"","background-media":"","overlay-type":"","overlay-color":"","overlay-opacity":"","overlay-gradient":""},"mobile":{"background-color":"","background-image":"","background-repeat":"repeat","background-position":"center center","background-size":"auto","background-attachment":"scroll","background-type":"","background-media":"","overlay-type":"","overlay-color":"","overlay-opacity":"","overlay-gradient":""}},"ast-content-background-meta":{"desktop":{"background-color":"var(--ast-global-color-4)","background-image":"","background-repeat":"repeat","background-position":"center center","background-size":"auto","background-attachment":"scroll","background-type":"","background-media":"","overlay-type":"","overlay-color":"","overlay-opacity":"","overlay-gradient":""},"tablet":{"background-color":"var(--ast-global-color-4)","background-image":"","background-repeat":"repeat","background-position":"center center","background-size":"auto","background-attachment":"scroll","background-type":"","background-media":"","overlay-type":"","overlay-color":"","overlay-opacity":"","overlay-gradient":""},"mobile":{"background-color":"var(--ast-global-color-4)","background-image":"","background-repeat":"repeat","background-position":"center center","background-size":"auto","background-attachment":"scroll","background-type":"","background-media":"","overlay-type":"","overlay-color":"","overlay-opacity":"","overlay-gradient":""}}},"product_brand":[],"product_cat":[25],"product_tag":[],"class_list":{"0":"post-1344","1":"product","2":"type-product","3":"status-publish","4":"has-post-thumbnail","6":"product_cat-stuffiestoys","7":"desktop-align-left","8":"tablet-align-left","9":"mobile-align-left","11":"first","12":"instock","13":"taxable","14":"shipping-taxable","15":"purchasable","16":"product-type-simple"},"jetpack_sharing_enabled":true,"_links":{"self":[{"href":"https:\/\/stuffiescruffy.com\/en\/wp-json\/wp\/v2\/product\/1344","targetHints":{"allow":["GET"]}}],"collection":[{"href":"https:\/\/stuffiescruffy.com\/en\/wp-json\/wp\/v2\/product"}],"about":[{"href":"https:\/\/stuffiescruffy.com\/en\/wp-json\/wp\/v2\/types\/product"}],"replies":[{"embeddable":true,"href":"https:\/\/stuffiescruffy.com\/en\/wp-json\/wp\/v2\/comments?post=1344"}],"wp:featuredmedia":[{"embeddable":true,"href":"https:\/\/stuffiescruffy.com\/en\/wp-json\/wp\/v2\/media\/1342"}],"wp:attachment":[{"href":"https:\/\/stuffiescruffy.com\/en\/wp-json\/wp\/v2\/media?parent=1344"}],"wp:term":[{"taxonomy":"product_brand","embeddable":true,"href":"https:\/\/stuffiescruffy.com\/en\/wp-json\/wp\/v2\/product_brand?post=1344"},{"taxonomy":"product_cat","embeddable":true,"href":"https:\/\/stuffiescruffy.com\/en\/wp-json\/wp\/v2\/product_cat?post=1344"},{"taxonomy":"product_tag","embeddable":true,"href":"https:\/\/stuffiescruffy.com\/en\/wp-json\/wp\/v2\/product_tag?post=1344"}],"curies":[{"name":"wp","href":"https:\/\/api.w.org\/{rel}","templated":true}]}}